{"id":16,"date":"2024-09-30T11:03:58","date_gmt":"2024-09-30T15:03:58","guid":{"rendered":"https:\/\/fpsa.cl\/?page_id=16"},"modified":"2025-01-27T13:50:33","modified_gmt":"2025-01-27T17:50:33","slug":"nuestra-empresa","status":"publish","type":"page","link":"https:\/\/fpsa.cl\/index.php\/nuestra-empresa\/","title":{"rendered":"Sobre Nosotros"},"content":{"rendered":"\n<div class=\"wp-block-group alignfull has-custom-n-color has-custom-o-background-color has-text-color has-background has-link-color has-small-font-size wp-elements-bfb0efa25be286a5d18f10ceb6e27d5b is-layout-constrained wp-container-core-group-is-layout-669513ed wp-block-group-is-layout-constrained\" style=\"margin-top:0;margin-bottom:0;padding-top:var(--wp--preset--spacing--50);padding-right:var(--wp--preset--spacing--50);padding-bottom:var(--wp--preset--spacing--50);padding-left:var(--wp--preset--spacing--50)\">\n<div class=\"wp-block-columns alignwide is-layout-flex wp-container-core-columns-is-layout-d0bbbce0 wp-block-columns-is-layout-flex\">\n<div class=\"wp-block-column is-layout-flow wp-container-core-column-is-layout-e3d1c41b wp-block-column-is-layout-flow\">\n<h3 class=\"wp-block-heading has-text-align-center is-style-asterisk has-body-font-family has-medium-font-size\" style=\"font-style:normal;font-weight:600\">Visi\u00f3n<\/h3>\n\n\n\n<p class=\"has-text-align-center ticss-c97189af has-small-font-size\">Ser una empresa l\u00edder en la gesti\u00f3n y formalizaci\u00f3n de procesos hipotecarios y financieros, reconocida por nuestra capacidad de ofrecer soluciones integrales, innovadoras y confiables, contribuyendo al crecimiento de nuestros clientes y adapt\u00e1ndonos a las necesidades cambiantes del mercado inmobiliario y financiero.<\/p>\n<\/div>\n\n\n\n<div class=\"wp-block-column is-layout-flow wp-container-core-column-is-layout-e3d1c41b wp-block-column-is-layout-flow\">\n<h3 class=\"wp-block-heading has-text-align-center is-style-asterisk has-body-font-family has-medium-font-size\" style=\"font-style:normal;font-weight:600\">Misi\u00f3n<\/h3>\n\n\n\n<p class=\"has-text-align-center ticss-20878bd4 has-small-font-size\">Ofrecer consultor\u00eda especializada y servicios de formalizaci\u00f3n hipotecaria para bancos y entidades financieras, proporcionando asesor\u00eda legal y gesti\u00f3n de procesos relacionados. Nos comprometemos a representar y actuar como intermediarios en actividades vinculadas al sector hipotecario, financiero y legal, brindando a nuestros clientes un servicio eficiente, personalizado y de alto valor agregado en la compraventa de bienes muebles e inmuebles.<\/p>\n<\/div>\n\n\n\n<div class=\"wp-block-column is-layout-flow wp-container-core-column-is-layout-e3d1c41b wp-block-column-is-layout-flow\">\n<h3 class=\"wp-block-heading has-text-align-center is-style-asterisk has-body-font-family has-medium-font-size\" style=\"font-style:normal;font-weight:600\">Objetivo<\/h3>\n\n\n\n<p class=\"has-text-align-center ticss-7fe74f87 has-small-font-size\">Proporcionar servicios de calidad en la formalizaci\u00f3n de cr\u00e9ditos hipotecarios y consultor\u00eda inmobiliaria, optimizando los procesos financieros y legales para nuestros clientes, con el fin de facilitar la adquisici\u00f3n, compraventa y gesti\u00f3n de bienes inmuebles, asegurando el cumplimiento normativo y la satisfacci\u00f3n total de nuestros usuarios.<\/p>\n<\/div>\n<\/div>\n<\/div>\n\n\n\n<p class=\"has-custom-o-color has-text-color has-link-color wp-elements-c6f78d94a19dde7de3ce7c85ffaa6603\"><\/p>\n\n\n\n<p><\/p>\n","protected":false},"excerpt":{"rendered":"<p>Visi\u00f3n Ser una empresa l\u00edder en la gesti\u00f3n y formalizaci\u00f3n de procesos hipotecarios y financieros, reconocida por nuestra capacidad de ofrecer soluciones integrales, innovadoras y confiables, contribuyendo al crecimiento de nuestros clientes y adapt\u00e1ndonos a las necesidades cambiantes del mercado inmobiliario y financiero. Misi\u00f3n Ofrecer consultor\u00eda especializada y servicios de formalizaci\u00f3n hipotecaria para bancos y [&hellip;]<\/p>\n","protected":false},"author":1,"featured_media":0,"parent":0,"menu_order":0,"comment_status":"closed","ping_status":"closed","template":"","meta":{"_themeisle_gutenberg_block_has_review":false,"footnotes":""},"class_list":["post-16","page","type-page","status-publish","hentry"],"_links":{"self":[{"href":"https:\/\/fpsa.cl\/index.php\/wp-json\/wp\/v2\/pages\/16","targetHints":{"allow":["GET"]}}],"collection":[{"href":"https:\/\/fpsa.cl\/index.php\/wp-json\/wp\/v2\/pages"}],"about":[{"href":"https:\/\/fpsa.cl\/index.php\/wp-json\/wp\/v2\/types\/page"}],"author":[{"embeddable":true,"href":"https:\/\/fpsa.cl\/index.php\/wp-json\/wp\/v2\/users\/1"}],"replies":[{"embeddable":true,"href":"https:\/\/fpsa.cl\/index.php\/wp-json\/wp\/v2\/comments?post=16"}],"version-history":[{"count":8,"href":"https:\/\/fpsa.cl\/index.php\/wp-json\/wp\/v2\/pages\/16\/revisions"}],"predecessor-version":[{"id":164,"href":"https:\/\/fpsa.cl\/index.php\/wp-json\/wp\/v2\/pages\/16\/revisions\/164"}],"wp:attachment":[{"href":"https:\/\/fpsa.cl\/index.php\/wp-json\/wp\/v2\/media?parent=16"}],"curies":[{"name":"wp","href":"https:\/\/api.w.org\/{rel}","templated":true}]}}